{"id":2685,"date":"2023-06-28T11:41:27","date_gmt":"2023-06-28T09:41:27","guid":{"rendered":"https:\/\/yarpa.it\/people\/luciano-gobbi\/"},"modified":"2024-02-13T15:58:35","modified_gmt":"2024-02-13T14:58:35","slug":"luciano-gobbi","status":"publish","type":"page","link":"https:\/\/yarpa.it\/en\/people\/luciano-gobbi\/","title":{"rendered":"Luciano Gobbi"},"content":{"rendered":"\t\t<div data-elementor-type=\"wp-post\" data-elementor-id=\"2685\" class=\"elementor elementor-2685 elementor-2680\" data-elementor-post-type=\"page\">\n\t\t\t\t\t\t<section class=\"elementor-section elementor-top-section elementor-element elementor-element-807b810 elementor-section-stretched elementor-section-boxed elementor-section-height-default elementor-section-height-default\" data-id=\"807b810\" data-element_type=\"section\" data-settings=\"{&quot;stretch_section&quot;:&quot;section-stretched&quot;,&quot;background_background&quot;:&quot;classic&quot;}\">\n\t\t\t\t\t\t<div class=\"elementor-container elementor-column-gap-no\">\n\t\t\t\t\t<div class=\"elementor-column elementor-col-100 elementor-top-column elementor-element elementor-element-6d2751f\" data-id=\"6d2751f\" data-element_type=\"column\">\n\t\t\t<div class=\"elementor-widget-wrap elementor-element-populated\">\n\t\t\t\t\t\t<div class=\"elementor-element elementor-element-127e0b6 elementor-widget elementor-widget-spacer\" data-id=\"127e0b6\" data-element_type=\"widget\" data-widget_type=\"spacer.default\">\n\t\t\t\t<div class=\"elementor-widget-container\">\n\t\t\t<style>\/*! elementor - v3.22.0 - 26-06-2024 *\/\n.elementor-column .elementor-spacer-inner{height:var(--spacer-size)}.e-con{--container-widget-width:100%}.e-con-inner>.elementor-widget-spacer,.e-con>.elementor-widget-spacer{width:var(--container-widget-width,var(--spacer-size));--align-self:var(--container-widget-align-self,initial);--flex-shrink:0}.e-con-inner>.elementor-widget-spacer>.elementor-widget-container,.e-con>.elementor-widget-spacer>.elementor-widget-container{height:100%;width:100%}.e-con-inner>.elementor-widget-spacer>.elementor-widget-container>.elementor-spacer,.e-con>.elementor-widget-spacer>.elementor-widget-container>.elementor-spacer{height:100%}.e-con-inner>.elementor-widget-spacer>.elementor-widget-container>.elementor-spacer>.elementor-spacer-inner,.e-con>.elementor-widget-spacer>.elementor-widget-container>.elementor-spacer>.elementor-spacer-inner{height:var(--container-widget-height,var(--spacer-size))}.e-con-inner>.elementor-widget-spacer.elementor-widget-empty,.e-con>.elementor-widget-spacer.elementor-widget-empty{position:relative;min-height:22px;min-width:22px}.e-con-inner>.elementor-widget-spacer.elementor-widget-empty .elementor-widget-empty-icon,.e-con>.elementor-widget-spacer.elementor-widget-empty .elementor-widget-empty-icon{position:absolute;top:0;bottom:0;left:0;right:0;margin:auto;padding:0;width:22px;height:22px}<\/style>\t\t<div class=\"elementor-spacer\">\n\t\t\t<div class=\"elementor-spacer-inner\"><\/div>\n\t\t<\/div>\n\t\t\t\t<\/div>\n\t\t\t\t<\/div>\n\t\t\t\t<div class=\"elementor-element elementor-element-56e3b7e elementor-widget elementor-widget-heading\" data-id=\"56e3b7e\" data-element_type=\"widget\" data-widget_type=\"heading.default\">\n\t\t\t\t<div class=\"elementor-widget-container\">\n\t\t\t<style>\/*! elementor - v3.22.0 - 26-06-2024 *\/\n.elementor-heading-title{padding:0;margin:0;line-height:1}.elementor-widget-heading .elementor-heading-title[class*=elementor-size-]>a{color:inherit;font-size:inherit;line-height:inherit}.elementor-widget-heading .elementor-heading-title.elementor-size-small{font-size:15px}.elementor-widget-heading .elementor-heading-title.elementor-size-medium{font-size:19px}.elementor-widget-heading .elementor-heading-title.elementor-size-large{font-size:29px}.elementor-widget-heading .elementor-heading-title.elementor-size-xl{font-size:39px}.elementor-widget-heading .elementor-heading-title.elementor-size-xxl{font-size:59px}<\/style><h1 class=\"elementor-heading-title elementor-size-default\">Luciano Gobbi<\/h1>\t\t<\/div>\n\t\t\t\t<\/div>\n\t\t\t\t<div class=\"elementor-element elementor-element-15d4072 elementor-widget elementor-widget-heading\" data-id=\"15d4072\" data-element_type=\"widget\" data-widget_type=\"heading.default\">\n\t\t\t\t<div class=\"elementor-widget-container\">\n\t\t\t<h4 class=\"elementor-heading-title elementor-size-default\">Chairman<\/h4>\t\t<\/div>\n\t\t\t\t<\/div>\n\t\t\t\t<div class=\"elementor-element elementor-element-b9bef9a elementor-widget elementor-widget-spacer\" data-id=\"b9bef9a\" data-element_type=\"widget\" data-widget_type=\"spacer.default\">\n\t\t\t\t<div class=\"elementor-widget-container\">\n\t\t\t\t\t<div class=\"elementor-spacer\">\n\t\t\t<div class=\"elementor-spacer-inner\"><\/div>\n\t\t<\/div>\n\t\t\t\t<\/div>\n\t\t\t\t<\/div>\n\t\t\t\t<section class=\"elementor-section elementor-inner-section elementor-element elementor-element-7cfa874 elementor-section-boxed elementor-section-height-default elementor-section-height-default\" data-id=\"7cfa874\" data-element_type=\"section\">\n\t\t\t\t\t\t<div class=\"elementor-container elementor-column-gap-no\">\n\t\t\t\t\t<div class=\"elementor-column elementor-col-50 elementor-inner-column elementor-element elementor-element-790d5ac\" data-id=\"790d5ac\" data-element_type=\"column\">\n\t\t\t<div class=\"elementor-widget-wrap elementor-element-populated\">\n\t\t\t\t\t\t<div class=\"elementor-element elementor-element-7d4ce5c elementor-widget elementor-widget-image\" data-id=\"7d4ce5c\" data-element_type=\"widget\" data-widget_type=\"image.default\">\n\t\t\t\t<div class=\"elementor-widget-container\">\n\t\t\t<style>\/*! elementor - v3.22.0 - 26-06-2024 *\/\n.elementor-widget-image{text-align:center}.elementor-widget-image a{display:inline-block}.elementor-widget-image a img[src$=\".svg\"]{width:48px}.elementor-widget-image img{vertical-align:middle;display:inline-block}<\/style>\t\t\t\t\t\t\t\t\t\t<img fetchpriority=\"high\" decoding=\"async\" width=\"1667\" height=\"1146\" src=\"https:\/\/yarpa.it\/wp-content\/uploads\/2023\/09\/Luciano-Gobbi_B.jpg\" class=\"attachment-full size-full wp-image-3351\" alt=\"\" srcset=\"https:\/\/yarpa.it\/wp-content\/uploads\/2023\/09\/Luciano-Gobbi_B.jpg 1667w, https:\/\/yarpa.it\/wp-content\/uploads\/2023\/09\/Luciano-Gobbi_B-300x206.jpg 300w, https:\/\/yarpa.it\/wp-content\/uploads\/2023\/09\/Luciano-Gobbi_B-1024x704.jpg 1024w, https:\/\/yarpa.it\/wp-content\/uploads\/2023\/09\/Luciano-Gobbi_B-768x528.jpg 768w, https:\/\/yarpa.it\/wp-content\/uploads\/2023\/09\/Luciano-Gobbi_B-1536x1056.jpg 1536w\" sizes=\"(max-width: 1667px) 100vw, 1667px\" \/>\t\t\t\t\t\t\t\t\t\t\t\t\t<\/div>\n\t\t\t\t<\/div>\n\t\t\t\t<div class=\"elementor-element elementor-element-cf1bc72 elementor-widget elementor-widget-text-editor\" data-id=\"cf1bc72\" data-element_type=\"widget\" data-widget_type=\"text-editor.default\">\n\t\t\t\t<div class=\"elementor-widget-container\">\n\t\t\t<style>\/*! elementor - v3.22.0 - 26-06-2024 *\/\n.elementor-widget-text-editor.elementor-drop-cap-view-stacked .elementor-drop-cap{background-color:#69727d;color:#fff}.elementor-widget-text-editor.elementor-drop-cap-view-framed .elementor-drop-cap{color:#69727d;border:3px solid;background-color:transparent}.elementor-widget-text-editor:not(.elementor-drop-cap-view-default) .elementor-drop-cap{margin-top:8px}.elementor-widget-text-editor:not(.elementor-drop-cap-view-default) .elementor-drop-cap-letter{width:1em;height:1em}.elementor-widget-text-editor .elementor-drop-cap{float:left;text-align:center;line-height:1;font-size:50px}.elementor-widget-text-editor .elementor-drop-cap-letter{display:inline-block}<\/style>\t\t\t\t<p>Director in Yarpa Investimenti SGR S.p.A., he brings to the group a 40-year management experience acquired in the Pirelli Group and in the financial sector, both in Italy and internationally.<\/p>\n<p>Previously, he was Chairman of the Board of Banca di Piacenza, General Finance Director for Pirelli Group, Chairman of Pirelli Soci\u00e9t\u00e9 G\u00e9n\u00e9rale (Basilea), CEO of Pirelli International Ltd (London), Director in EFFE 2005 Gruppo Feltrinelli S.p.A., Pirelli &amp; C. S.p.A., Telecom Italia S.p.A., Fleming European Fledgeling Investment trust P.L.C. (London), Vice President in Chase Manhattan Bank, now JP Morgan Chase.<\/p>\n\t\t\t\t\t\t<\/div>\n\t\t\t\t<\/div>\n\t\t\t\t\t<\/div>\n\t\t<\/div>\n\t\t\t\t<div class=\"elementor-column elementor-col-50 elementor-inner-column elementor-element elementor-element-9f0f3d3\" data-id=\"9f0f3d3\" data-element_type=\"column\">\n\t\t\t<div class=\"elementor-widget-wrap elementor-element-populated\">\n\t\t\t\t\t\t<div class=\"elementor-element elementor-element-edf2d36 elementor-widget elementor-widget-text-editor\" data-id=\"edf2d36\" data-element_type=\"widget\" data-widget_type=\"text-editor.default\">\n\t\t\t\t<div class=\"elementor-widget-container\">\n\t\t\t\t\t\t\t<p><strong><u>Skills <\/u><\/strong><\/p>\n<ul>\n<li>Strategic Planning, investments evaluation and management<\/li>\n<li>Strong Financial and Management expertise for International and Italian Corporates<\/li>\n<\/ul>\n<p>&nbsp;<\/p>\n<p><strong><u>Training<\/u><\/strong><\/p>\n<ul>\n<li>MBA-SDA Bocconi, Milano<\/li>\n<li>MSc, Nuclear Engineering, Politecnico di\u00a0Milano \u00a0<\/li>\n<li>MSc, Architecture, Politecnico di Milano<\/li>\n<\/ul>\n<p>&nbsp;<\/p>\n<p><strong><u>Languages <\/u><\/strong><\/p>\n<ul>\n<li>English<\/li>\n<li>French<\/li>\n<\/ul>\n<p>&nbsp;<\/p>\n<p><strong><u>Appointments<\/u><\/strong><\/p>\n<ul>\n<li>Director of Yarpa Investimenti SGR S.p.A.<\/li>\n<li>Director of Yafa S.p.A.<\/li>\n<li>Director of Vittoria Assicurazioni S.p.A.<\/li>\n<li>Director of Fondazione Romeo ed Enrica Invernizzi<\/li>\n<\/ul>\n\t\t\t\t\t\t<\/div>\n\t\t\t\t<\/div>\n\t\t\t\t\t<\/div>\n\t\t<\/div>\n\t\t\t\t\t<\/div>\n\t\t<\/section>\n\t\t\t\t<div class=\"elementor-element elementor-element-fa83219 elementor-widget elementor-widget-spacer\" data-id=\"fa83219\" data-element_type=\"widget\" data-widget_type=\"spacer.default\">\n\t\t\t\t<div class=\"elementor-widget-container\">\n\t\t\t\t\t<div class=\"elementor-spacer\">\n\t\t\t<div class=\"elementor-spacer-inner\"><\/div>\n\t\t<\/div>\n\t\t\t\t<\/div>\n\t\t\t\t<\/div>\n\t\t\t\t<div class=\"elementor-element elementor-element-e9ed04a elementor-widget elementor-widget-spacer\" data-id=\"e9ed04a\" data-element_type=\"widget\" data-widget_type=\"spacer.default\">\n\t\t\t\t<div class=\"elementor-widget-container\">\n\t\t\t\t\t<div class=\"elementor-spacer\">\n\t\t\t<div class=\"elementor-spacer-inner\"><\/div>\n\t\t<\/div>\n\t\t\t\t<\/div>\n\t\t\t\t<\/div>\n\t\t\t\t<section class=\"elementor-section elementor-inner-section elementor-element elementor-element-c57ae57 elementor-section-boxed elementor-section-height-default elementor-section-height-default\" data-id=\"c57ae57\" data-element_type=\"section\">\n\t\t\t\t\t\t<div class=\"elementor-container elementor-column-gap-default\">\n\t\t\t\t\t<div class=\"elementor-column elementor-col-100 elementor-inner-column elementor-element elementor-element-f05d5bf\" data-id=\"f05d5bf\" data-element_type=\"column\">\n\t\t\t<div class=\"elementor-widget-wrap elementor-element-populated\">\n\t\t\t\t\t\t<div class=\"elementor-element elementor-element-0c37817 elementor-align-center elementor-tablet-align-center elementor-widget elementor-widget-button\" data-id=\"0c37817\" data-element_type=\"widget\" data-widget_type=\"button.default\">\n\t\t\t\t<div class=\"elementor-widget-container\">\n\t\t\t\t\t<div class=\"elementor-button-wrapper\">\n\t\t\t<a class=\"elementor-button elementor-button-link elementor-size-xs\" href=\"https:\/\/yarpa.it\/en\/people\/\">\n\t\t\t\t\t\t<span class=\"elementor-button-content-wrapper\">\n\t\t\t\t\t\t\t\t\t<span class=\"elementor-button-text\">BACK<\/span>\n\t\t\t\t\t<\/span>\n\t\t\t\t\t<\/a>\n\t\t<\/div>\n\t\t\t\t<\/div>\n\t\t\t\t<\/div>\n\t\t\t\t\t<\/div>\n\t\t<\/div>\n\t\t\t\t\t<\/div>\n\t\t<\/section>\n\t\t\t\t<div class=\"elementor-element elementor-element-da9bf84 elementor-widget elementor-widget-spacer\" data-id=\"da9bf84\" data-element_type=\"widget\" data-widget_type=\"spacer.default\">\n\t\t\t\t<div class=\"elementor-widget-container\">\n\t\t\t\t\t<div class=\"elementor-spacer\">\n\t\t\t<div class=\"elementor-spacer-inner\"><\/div>\n\t\t<\/div>\n\t\t\t\t<\/div>\n\t\t\t\t<\/div>\n\t\t\t\t\t<\/div>\n\t\t<\/div>\n\t\t\t\t\t<\/div>\n\t\t<\/section>\n\t\t\t\t<\/div>\n\t\t","protected":false},"excerpt":{"rendered":"<p>Luciano Gobbi Chairman Director in Yarpa Investimenti SGR S.p.A., he brings to the group a 40-year management experience acquired in the Pirelli Group and in the financial sector, both in Italy and internationally. Previously, he was Chairman of the Board of Banca di Piacenza, General Finance Director for Pirelli Group, Chairman of Pirelli Soci\u00e9t\u00e9 G\u00e9n\u00e9rale [&hellip;]<\/p>\n","protected":false},"author":1,"featured_media":0,"parent":1875,"menu_order":5,"comment_status":"closed","ping_status":"closed","template":"elementor_header_footer","meta":{"footnotes":""},"yoast_head":"<!-- This site is optimized with the Yoast SEO plugin v23.0 - https:\/\/yoast.com\/wordpress\/plugins\/seo\/ -->\n<title>Luciano Gobbi - YARPA<\/title>\n<meta name=\"robots\" content=\"index, follow, max-snippet:-1, max-image-preview:large, max-video-preview:-1\" \/>\n<link rel=\"canonical\" href=\"https:\/\/yarpa.it\/le-persone\/luciano-gobbi\/\" \/>\n<meta property=\"og:locale\" content=\"en_US\" \/>\n<meta property=\"og:type\" content=\"article\" \/>\n<meta property=\"og:title\" content=\"Luciano Gobbi - YARPA\" \/>\n<meta property=\"og:description\" content=\"Luciano Gobbi Chairman Director in Yarpa Investimenti SGR S.p.A., he brings to the group a 40-year management experience acquired in the Pirelli Group and in the financial sector, both in Italy and internationally. Previously, he was Chairman of the Board of Banca di Piacenza, General Finance Director for Pirelli Group, Chairman of Pirelli Soci\u00e9t\u00e9 G\u00e9n\u00e9rale [&hellip;]\" \/>\n<meta property=\"og:url\" content=\"https:\/\/yarpa.it\/le-persone\/luciano-gobbi\/\" \/>\n<meta property=\"og:site_name\" content=\"YARPA\" \/>\n<meta property=\"article:modified_time\" content=\"2024-02-13T14:58:35+00:00\" \/>\n<meta property=\"og:image\" content=\"http:\/\/yarpa.it\/wp-content\/uploads\/2023\/09\/Luciano-Gobbi_B.jpg\" \/>\n<meta name=\"twitter:card\" content=\"summary_large_image\" \/>\n<meta name=\"twitter:label1\" content=\"Est. reading time\" \/>\n\t<meta name=\"twitter:data1\" content=\"1 minute\" \/>\n<script type=\"application\/ld+json\" class=\"yoast-schema-graph\">{\"@context\":\"https:\/\/schema.org\",\"@graph\":[{\"@type\":\"WebPage\",\"@id\":\"https:\/\/yarpa.it\/le-persone\/luciano-gobbi\/\",\"url\":\"https:\/\/yarpa.it\/le-persone\/luciano-gobbi\/\",\"name\":\"Luciano Gobbi - YARPA\",\"isPartOf\":{\"@id\":\"https:\/\/yarpa.it\/#website\"},\"primaryImageOfPage\":{\"@id\":\"https:\/\/yarpa.it\/le-persone\/luciano-gobbi\/#primaryimage\"},\"image\":{\"@id\":\"https:\/\/yarpa.it\/le-persone\/luciano-gobbi\/#primaryimage\"},\"thumbnailUrl\":\"http:\/\/yarpa.it\/wp-content\/uploads\/2023\/09\/Luciano-Gobbi_B.jpg\",\"datePublished\":\"2023-06-28T09:41:27+00:00\",\"dateModified\":\"2024-02-13T14:58:35+00:00\",\"breadcrumb\":{\"@id\":\"https:\/\/yarpa.it\/le-persone\/luciano-gobbi\/#breadcrumb\"},\"inLanguage\":\"en-US\",\"potentialAction\":[{\"@type\":\"ReadAction\",\"target\":[\"https:\/\/yarpa.it\/le-persone\/luciano-gobbi\/\"]}]},{\"@type\":\"ImageObject\",\"inLanguage\":\"en-US\",\"@id\":\"https:\/\/yarpa.it\/le-persone\/luciano-gobbi\/#primaryimage\",\"url\":\"http:\/\/yarpa.it\/wp-content\/uploads\/2023\/09\/Luciano-Gobbi_B.jpg\",\"contentUrl\":\"http:\/\/yarpa.it\/wp-content\/uploads\/2023\/09\/Luciano-Gobbi_B.jpg\"},{\"@type\":\"BreadcrumbList\",\"@id\":\"https:\/\/yarpa.it\/le-persone\/luciano-gobbi\/#breadcrumb\",\"itemListElement\":[{\"@type\":\"ListItem\",\"position\":1,\"name\":\"Home\",\"item\":\"https:\/\/yarpa.it\/\"},{\"@type\":\"ListItem\",\"position\":2,\"name\":\"Our People\",\"item\":\"https:\/\/yarpa.it\/le-persone\/\"},{\"@type\":\"ListItem\",\"position\":3,\"name\":\"Luciano Gobbi\"}]},{\"@type\":\"WebSite\",\"@id\":\"https:\/\/yarpa.it\/#website\",\"url\":\"https:\/\/yarpa.it\/\",\"name\":\"YARPA\",\"description\":\"\",\"potentialAction\":[{\"@type\":\"SearchAction\",\"target\":{\"@type\":\"EntryPoint\",\"urlTemplate\":\"https:\/\/yarpa.it\/?s={search_term_string}\"},\"query-input\":\"required name=search_term_string\"}],\"inLanguage\":\"en-US\"}]}<\/script>\n<!-- \/ Yoast SEO plugin. -->","yoast_head_json":{"title":"Luciano Gobbi - YARPA","robots":{"index":"index","follow":"follow","max-snippet":"max-snippet:-1","max-image-preview":"max-image-preview:large","max-video-preview":"max-video-preview:-1"},"canonical":"https:\/\/yarpa.it\/le-persone\/luciano-gobbi\/","og_locale":"en_US","og_type":"article","og_title":"Luciano Gobbi - YARPA","og_description":"Luciano Gobbi Chairman Director in Yarpa Investimenti SGR S.p.A., he brings to the group a 40-year management experience acquired in the Pirelli Group and in the financial sector, both in Italy and internationally. Previously, he was Chairman of the Board of Banca di Piacenza, General Finance Director for Pirelli Group, Chairman of Pirelli Soci\u00e9t\u00e9 G\u00e9n\u00e9rale [&hellip;]","og_url":"https:\/\/yarpa.it\/le-persone\/luciano-gobbi\/","og_site_name":"YARPA","article_modified_time":"2024-02-13T14:58:35+00:00","og_image":[{"url":"http:\/\/yarpa.it\/wp-content\/uploads\/2023\/09\/Luciano-Gobbi_B.jpg"}],"twitter_card":"summary_large_image","twitter_misc":{"Est. reading time":"1 minute"},"schema":{"@context":"https:\/\/schema.org","@graph":[{"@type":"WebPage","@id":"https:\/\/yarpa.it\/le-persone\/luciano-gobbi\/","url":"https:\/\/yarpa.it\/le-persone\/luciano-gobbi\/","name":"Luciano Gobbi - YARPA","isPartOf":{"@id":"https:\/\/yarpa.it\/#website"},"primaryImageOfPage":{"@id":"https:\/\/yarpa.it\/le-persone\/luciano-gobbi\/#primaryimage"},"image":{"@id":"https:\/\/yarpa.it\/le-persone\/luciano-gobbi\/#primaryimage"},"thumbnailUrl":"http:\/\/yarpa.it\/wp-content\/uploads\/2023\/09\/Luciano-Gobbi_B.jpg","datePublished":"2023-06-28T09:41:27+00:00","dateModified":"2024-02-13T14:58:35+00:00","breadcrumb":{"@id":"https:\/\/yarpa.it\/le-persone\/luciano-gobbi\/#breadcrumb"},"inLanguage":"en-US","potentialAction":[{"@type":"ReadAction","target":["https:\/\/yarpa.it\/le-persone\/luciano-gobbi\/"]}]},{"@type":"ImageObject","inLanguage":"en-US","@id":"https:\/\/yarpa.it\/le-persone\/luciano-gobbi\/#primaryimage","url":"http:\/\/yarpa.it\/wp-content\/uploads\/2023\/09\/Luciano-Gobbi_B.jpg","contentUrl":"http:\/\/yarpa.it\/wp-content\/uploads\/2023\/09\/Luciano-Gobbi_B.jpg"},{"@type":"BreadcrumbList","@id":"https:\/\/yarpa.it\/le-persone\/luciano-gobbi\/#breadcrumb","itemListElement":[{"@type":"ListItem","position":1,"name":"Home","item":"https:\/\/yarpa.it\/"},{"@type":"ListItem","position":2,"name":"Our People","item":"https:\/\/yarpa.it\/le-persone\/"},{"@type":"ListItem","position":3,"name":"Luciano Gobbi"}]},{"@type":"WebSite","@id":"https:\/\/yarpa.it\/#website","url":"https:\/\/yarpa.it\/","name":"YARPA","description":"","potentialAction":[{"@type":"SearchAction","target":{"@type":"EntryPoint","urlTemplate":"https:\/\/yarpa.it\/?s={search_term_string}"},"query-input":"required name=search_term_string"}],"inLanguage":"en-US"}]}},"_links":{"self":[{"href":"https:\/\/yarpa.it\/en\/wp-json\/wp\/v2\/pages\/2685"}],"collection":[{"href":"https:\/\/yarpa.it\/en\/wp-json\/wp\/v2\/pages"}],"about":[{"href":"https:\/\/yarpa.it\/en\/wp-json\/wp\/v2\/types\/page"}],"author":[{"embeddable":true,"href":"https:\/\/yarpa.it\/en\/wp-json\/wp\/v2\/users\/1"}],"replies":[{"embeddable":true,"href":"https:\/\/yarpa.it\/en\/wp-json\/wp\/v2\/comments?post=2685"}],"version-history":[{"count":4,"href":"https:\/\/yarpa.it\/en\/wp-json\/wp\/v2\/pages\/2685\/revisions"}],"predecessor-version":[{"id":4266,"href":"https:\/\/yarpa.it\/en\/wp-json\/wp\/v2\/pages\/2685\/revisions\/4266"}],"up":[{"embeddable":true,"href":"https:\/\/yarpa.it\/en\/wp-json\/wp\/v2\/pages\/1875"}],"wp:attachment":[{"href":"https:\/\/yarpa.it\/en\/wp-json\/wp\/v2\/media?parent=2685"}],"curies":[{"name":"wp","href":"https:\/\/api.w.org\/{rel}","templated":true}]}}